{"id":67052,"date":"2022-02-02T22:15:04","date_gmt":"2022-02-02T21:15:04","guid":{"rendered":"https:\/\/domizil-immobilien.de\/privatnost\/"},"modified":"2022-11-22T20:20:33","modified_gmt":"2022-11-22T19:20:33","slug":"privatnost","status":"publish","type":"page","link":"https:\/\/domizil-immobilien.de\/hr\/privatnost\/","title":{"rendered":"Privatnost"},"content":{"rendered":"\n<h3 class=\"wp-block-heading\">Privatnost<\/h3>\n\n<hr class=\"wp-block-separator has-alpha-channel-opacity\"\/>\n\n<p>\n          <strong>Za\u0161tita podataka<\/strong>\n        <\/p>\n\n<p>Va\u0161e osobne podatke prikupljamo, koristimo i pohranjujemo isklju\u010divo u okviru odredbi Saveznog zakona o za\u0161titi podataka Savezne Republike Njema\u010dke. U nastavku \u0107emo vas obavijestiti o vrsti, opsegu i svrsi prikupljanja i kori\u0161tenja podataka.<\/p>\n\n<p><em>Prikupljanje i obrada podataka <br\/><\/em>Svaki pristup na\u0161oj web stranici i svako pronala\u017eenje datoteke pohranjene na ovoj web stranici se bilje\u017ei. Pohranjivanje slu\u017ei za unutarnje sustavne i statisti\u010dke svrhe. Bilje\u017ei se sljede\u0107e: naziv preuzete datoteke, datum i vrijeme dohva\u0107anja, koli\u010dina prenesenih podataka, obavijest o uspje\u0161nom dohva\u0107anju, web preglednik i domena koja zahtijeva. Osim toga, bilje\u017ee se IP adrese ra\u010dunala koja zahtijevaju. Daljnji osobni podaci bilje\u017ee se samo ako korisnik web stranice i\/ili kupac dobrovoljno da podatke, na primjer u sklopu upita ili registracije ili sklapanja ugovora ili putem postavki svog preglednika.<br\/>Na\u0161a web stranica koristi kola\u010di\u0107e. Kola\u010di\u0107 je tekstualna datoteka koja se \u0161alje kada posjetite web stranicu i privremeno se pohranjuje na tvrdi disk korisnika i\/ili kupca web stranice. Ako korisnik web stranice i\/ili kupac ponovno pozove odgovaraju\u0107i poslu\u017eitelj na\u0161e web stranice, preglednik korisnika web stranice i\/ili kupca \u0161alje prethodno primljeni kola\u010di\u0107 natrag na poslu\u017eitelj. Poslu\u017eitelj tada mo\u017ee procijeniti informacije dobivene ovim postupkom na razli\u010dite na\u010dine. Kola\u010di\u0107i mogu npr. B. reklame se mogu kontrolirati ili se mo\u017ee olak\u0161ati navigacija na web stranici. Ukoliko korisnik web stranice i\/ili kupac \u017eeli sprije\u010diti kori\u0161tenje kola\u010di\u0107a, to mo\u017ee u\u010diniti lokalnim promjenama svojih postavki u internetskom pregledniku koji koristi na svom ra\u010dunalu, odnosno programu za otvaranje i prikaz internetskih stranica (npr. Explorer, Mozilla Firefox, Opera ili Safari).<\/p>\n\n<p><em>Kori\u0161tenje i otkrivanje osobnih podataka <\/em>Ako je korisnik na\u0161e web stranice dao osobne podatke, mi ih koristimo samo za odgovore na upite korisnika web stranice i\/ili kupaca, za obradu ugovora sklopljenih s korisnikom web stranice i\/ili kupcima te za tehni\u010dku administraciju. Osobni podaci bit \u0107e proslije\u0111eni tre\u0107im stranama ili na drugi na\u010din preneseni samo ako je to potrebno u svrhu obrade ugovora ili u svrhu naplate ili ako je korisnik web stranice i\/ili kupac dao svoj prethodni pristanak. Korisnik web stranice i\/ili kupac ima pravo opozvati danu suglasnost u bilo kojem trenutku s u\u010dinkom za budu\u0107nost.<\/p>\n\n<p>Pohranjeni osobni podaci bit \u0107e izbrisani ako korisnik web stranice i\/ili kupac opozove privolu za pohranu, ako njihovo znanje vi\u0161e nije potrebno za ispunjenje svrhe za koju su pohranjeni ili ako je njihovo pohranjivanje nedopu\u0161teno iz drugih pravnih razloga . Zahtjev za brisanje ne utje\u010de na podatke za naplatu i ra\u010dunovodstvene svrhe.<\/p>\n\n<p><em>pravo davanja informacija <\/em>Na pisani zahtjev obavijestit \u0107emo korisnika web stranice i\/ili kupca o podacima koji su o njemu pohranjeni. Zahtjev treba poslati na adresu navedenu u impresumu web stranice.<\/p>\n\n<p><strong>Web analitika<\/strong><br\/>Ova web stranica koristi Google Analytics, uslugu web analitike koju pru\u017ea Google Inc. (\u201eGoogle\u201c). Google Analytics koristi takozvane \u201ekola\u010di\u0107e\u201c, tekstualne datoteke koje se pohranjuju na va\u0161em ra\u010dunalu i omogu\u0107uju analizu va\u0161eg kori\u0161tenja web stranice. Podaci koje generira kola\u010di\u0107 o va\u0161em kori\u0161tenju ove web stranice obi\u010dno se prenose na Google poslu\u017eitelj u SAD-u i tamo se pohranjuju. Ako je anonimizacija IP-a aktivirana na ovoj web stranici, Google \u0107e va\u0161u IP adresu prethodno skratiti unutar dr\u017eava \u010dlanica Europske unije ili u drugim dr\u017eavama ugovornicama Ugovora o Europskom gospodarskom prostoru. Samo u iznimnim slu\u010dajevima puna IP adresa bit \u0107e poslana Google poslu\u017eitelju u SAD-u i tamo skra\u0107ena. U ime operatera ove web stranice, Google \u0107e koristiti ove informacije za procjenu va\u0161eg kori\u0161tenja web stranice, za sastavljanje izvje\u0161\u0107a o aktivnostima na web stranici i za pru\u017eanje drugih usluga povezanih s aktivno\u0161\u0107u web stranice i kori\u0161tenjem interneta operateru web stranice IP adresa nije spojena s druge podatke iz Googlea. Mo\u017eete sprije\u010diti pohranjivanje kola\u010di\u0107a odgovaraju\u0107im pode\u0161avanjem softvera preglednika; me\u0111utim, \u017eelimo vam istaknuti da u ovom slu\u010daju ne\u0107ete mo\u0107i koristiti sve funkcije ove web stranice u cijelosti. Tako\u0111er mo\u017eete sprije\u010diti Google da prikuplja podatke koje generira kola\u010di\u0107 i koji se odnose na va\u0161u upotrebu web stranice (uklju\u010duju\u0107i va\u0161u IP adresu) i da Google obra\u0111uje te podatke tako da preuzmete dodatak za preglednik dostupan na sljede\u0107oj poveznici i instalirate <a href=\"http:\/\/tools.google.com\/dlpage\/gaoptout?hl=de\">http:\/\/tools.google.com\/dlpage\/gaoptout?hl=de<\/a>.<\/p>\n\n<p>Kontakt Informacije : <a href=\"mailto:info@domizil-immobilien.de\">info@domizil-immobilien.de<\/a><\/p>\n","protected":false},"excerpt":{"rendered":"<p>Privatnost Za\u0161tita podataka Va\u0161e osobne podatke prikupljamo, koristimo i pohranjujemo isklju\u010divo u okviru odredbi Saveznog zakona o za\u0161titi podataka Savezne Republike Njema\u010dke. U nastavku \u0107emo vas obavijestiti o vrsti, opsegu i svrsi prikupljanja i kori\u0161tenja podataka. Prikupljanje i obrada podataka Svaki pristup na\u0161oj web stranici i svako pronala\u017eenje datoteke pohranjene na ovoj web stranici se&#8230;<\/p>\n","protected":false},"author":1,"featured_media":0,"parent":0,"menu_order":0,"comment_status":"closed","ping_status":"closed","template":"","meta":{"footnotes":""},"class_list":["post-67052","page","type-page","status-publish","hentry"],"acf":[],"yoast_head":"<!-- This site is optimized with the Yoast SEO plugin v20.4 - https:\/\/yoast.com\/wordpress\/plugins\/seo\/ -->\n<title>Privatnost - DOMIZIL d.o.o. Immobilien<\/title>\n<meta name=\"robots\" content=\"noindex, follow, max-snippet:-1, max-image-preview:large, max-video-preview:-1\" \/>\n<meta property=\"og:locale\" content=\"hr_HR\" \/>\n<meta property=\"og:type\" content=\"article\" \/>\n<meta property=\"og:title\" content=\"Privatnost - DOMIZIL d.o.o. Immobilien\" \/>\n<meta property=\"og:description\" content=\"Privatnost Za\u0161tita podataka Va\u0161e osobne podatke prikupljamo, koristimo i pohranjujemo isklju\u010divo u okviru odredbi Saveznog zakona o za\u0161titi podataka Savezne Republike Njema\u010dke. U nastavku \u0107emo vas obavijestiti o vrsti, opsegu i svrsi prikupljanja i kori\u0161tenja podataka. Prikupljanje i obrada podataka Svaki pristup na\u0161oj web stranici i svako pronala\u017eenje datoteke pohranjene na ovoj web stranici se...\" \/>\n<meta property=\"og:url\" content=\"https:\/\/domizil-immobilien.de\/hr\/privatnost\/\" \/>\n<meta property=\"og:site_name\" content=\"DOMIZIL d.o.o. Immobilien\" \/>\n<meta property=\"article:publisher\" content=\"https:\/\/www.facebook.com\/domizil.d.o.o.immobilien\" \/>\n<meta property=\"article:modified_time\" content=\"2022-11-22T19:20:33+00:00\" \/>\n<meta name=\"twitter:card\" content=\"summary_large_image\" \/>\n<meta name=\"twitter:site\" content=\"@domizil_doo\" \/>\n<meta name=\"twitter:label1\" content=\"Procijenjeno vrijeme \u010ditanja\" \/>\n\t<meta name=\"twitter:data1\" content=\"4 minute\" \/>\n<script type=\"application\/ld+json\" class=\"yoast-schema-graph\">{\"@context\":\"https:\/\/schema.org\",\"@graph\":[{\"@type\":\"WebPage\",\"@id\":\"https:\/\/domizil-immobilien.de\/hr\/privatnost\/\",\"url\":\"https:\/\/domizil-immobilien.de\/hr\/privatnost\/\",\"name\":\"Privatnost - DOMIZIL d.o.o. Immobilien\",\"isPartOf\":{\"@id\":\"https:\/\/domizil-immobilien.de\/hr\/#website\"},\"datePublished\":\"2022-02-02T21:15:04+00:00\",\"dateModified\":\"2022-11-22T19:20:33+00:00\",\"inLanguage\":\"hr\",\"potentialAction\":[{\"@type\":\"ReadAction\",\"target\":[\"https:\/\/domizil-immobilien.de\/hr\/privatnost\/\"]}]},{\"@type\":\"WebSite\",\"@id\":\"https:\/\/domizil-immobilien.de\/hr\/#website\",\"url\":\"https:\/\/domizil-immobilien.de\/hr\/\",\"name\":\"DOMIZIL d.o.o. Immobilien\",\"description\":\"Va\u0161 stru\u010dnjak za nekretnine u Istri\",\"publisher\":{\"@id\":\"https:\/\/domizil-immobilien.de\/hr\/#organization\"},\"potentialAction\":[{\"@type\":\"SearchAction\",\"target\":{\"@type\":\"EntryPoint\",\"urlTemplate\":\"https:\/\/domizil-immobilien.de\/hr\/?s={search_term_string}\"},\"query-input\":\"required name=search_term_string\"}],\"inLanguage\":\"hr\"},{\"@type\":\"Organization\",\"@id\":\"https:\/\/domizil-immobilien.de\/hr\/#organization\",\"name\":\"DOMIZIL d.o.o. Immobilien\",\"url\":\"https:\/\/domizil-immobilien.de\/hr\/\",\"logo\":{\"@type\":\"ImageObject\",\"inLanguage\":\"hr\",\"@id\":\"https:\/\/domizil-immobilien.de\/hr\/#\/schema\/logo\/image\/\",\"url\":\"https:\/\/domizil-immobilien.de\/wp-content\/uploads\/2020\/02\/logo-domizil-weiss@3x.png\",\"contentUrl\":\"https:\/\/domizil-immobilien.de\/wp-content\/uploads\/2020\/02\/logo-domizil-weiss@3x.png\",\"width\":420,\"height\":96,\"caption\":\"DOMIZIL d.o.o. Immobilien\"},\"image\":{\"@id\":\"https:\/\/domizil-immobilien.de\/hr\/#\/schema\/logo\/image\/\"},\"sameAs\":[\"https:\/\/www.facebook.com\/domizil.d.o.o.immobilien\",\"https:\/\/twitter.com\/domizil_doo\",\"https:\/\/www.instagram.com\/domizil.d.o.o.immobilien\",\"https:\/\/www.linkedin.com\/company\/domizil-doo\",\"https:\/\/pinterest.com\/domizil_doo\",\"https:\/\/youtube.com\/channel\/UCWyM5cmlbGjR0fEIKPd5jnA\"]}]}<\/script>\n<!-- \/ Yoast SEO plugin. -->","yoast_head_json":{"title":"Privatnost - DOMIZIL d.o.o. Immobilien","robots":{"index":"noindex","follow":"follow","max-snippet":"max-snippet:-1","max-image-preview":"max-image-preview:large","max-video-preview":"max-video-preview:-1"},"og_locale":"hr_HR","og_type":"article","og_title":"Privatnost - DOMIZIL d.o.o. Immobilien","og_description":"Privatnost Za\u0161tita podataka Va\u0161e osobne podatke prikupljamo, koristimo i pohranjujemo isklju\u010divo u okviru odredbi Saveznog zakona o za\u0161titi podataka Savezne Republike Njema\u010dke. U nastavku \u0107emo vas obavijestiti o vrsti, opsegu i svrsi prikupljanja i kori\u0161tenja podataka. Prikupljanje i obrada podataka Svaki pristup na\u0161oj web stranici i svako pronala\u017eenje datoteke pohranjene na ovoj web stranici se...","og_url":"https:\/\/domizil-immobilien.de\/hr\/privatnost\/","og_site_name":"DOMIZIL d.o.o. Immobilien","article_publisher":"https:\/\/www.facebook.com\/domizil.d.o.o.immobilien","article_modified_time":"2022-11-22T19:20:33+00:00","twitter_card":"summary_large_image","twitter_site":"@domizil_doo","twitter_misc":{"Procijenjeno vrijeme \u010ditanja":"4 minute"},"schema":{"@context":"https:\/\/schema.org","@graph":[{"@type":"WebPage","@id":"https:\/\/domizil-immobilien.de\/hr\/privatnost\/","url":"https:\/\/domizil-immobilien.de\/hr\/privatnost\/","name":"Privatnost - DOMIZIL d.o.o. Immobilien","isPartOf":{"@id":"https:\/\/domizil-immobilien.de\/hr\/#website"},"datePublished":"2022-02-02T21:15:04+00:00","dateModified":"2022-11-22T19:20:33+00:00","inLanguage":"hr","potentialAction":[{"@type":"ReadAction","target":["https:\/\/domizil-immobilien.de\/hr\/privatnost\/"]}]},{"@type":"WebSite","@id":"https:\/\/domizil-immobilien.de\/hr\/#website","url":"https:\/\/domizil-immobilien.de\/hr\/","name":"DOMIZIL d.o.o. Immobilien","description":"Va\u0161 stru\u010dnjak za nekretnine u Istri","publisher":{"@id":"https:\/\/domizil-immobilien.de\/hr\/#organization"},"potentialAction":[{"@type":"SearchAction","target":{"@type":"EntryPoint","urlTemplate":"https:\/\/domizil-immobilien.de\/hr\/?s={search_term_string}"},"query-input":"required name=search_term_string"}],"inLanguage":"hr"},{"@type":"Organization","@id":"https:\/\/domizil-immobilien.de\/hr\/#organization","name":"DOMIZIL d.o.o. Immobilien","url":"https:\/\/domizil-immobilien.de\/hr\/","logo":{"@type":"ImageObject","inLanguage":"hr","@id":"https:\/\/domizil-immobilien.de\/hr\/#\/schema\/logo\/image\/","url":"https:\/\/domizil-immobilien.de\/wp-content\/uploads\/2020\/02\/logo-domizil-weiss@3x.png","contentUrl":"https:\/\/domizil-immobilien.de\/wp-content\/uploads\/2020\/02\/logo-domizil-weiss@3x.png","width":420,"height":96,"caption":"DOMIZIL d.o.o. Immobilien"},"image":{"@id":"https:\/\/domizil-immobilien.de\/hr\/#\/schema\/logo\/image\/"},"sameAs":["https:\/\/www.facebook.com\/domizil.d.o.o.immobilien","https:\/\/twitter.com\/domizil_doo","https:\/\/www.instagram.com\/domizil.d.o.o.immobilien","https:\/\/www.linkedin.com\/company\/domizil-doo","https:\/\/pinterest.com\/domizil_doo","https:\/\/youtube.com\/channel\/UCWyM5cmlbGjR0fEIKPd5jnA"]}]}},"_links":{"self":[{"href":"https:\/\/domizil-immobilien.de\/hr\/wp-json\/wp\/v2\/pages\/67052","targetHints":{"allow":["GET"]}}],"collection":[{"href":"https:\/\/domizil-immobilien.de\/hr\/wp-json\/wp\/v2\/pages"}],"about":[{"href":"https:\/\/domizil-immobilien.de\/hr\/wp-json\/wp\/v2\/types\/page"}],"author":[{"embeddable":true,"href":"https:\/\/domizil-immobilien.de\/hr\/wp-json\/wp\/v2\/users\/1"}],"replies":[{"embeddable":true,"href":"https:\/\/domizil-immobilien.de\/hr\/wp-json\/wp\/v2\/comments?post=67052"}],"version-history":[{"count":0,"href":"https:\/\/domizil-immobilien.de\/hr\/wp-json\/wp\/v2\/pages\/67052\/revisions"}],"wp:attachment":[{"href":"https:\/\/domizil-immobilien.de\/hr\/wp-json\/wp\/v2\/media?parent=67052"}],"curies":[{"name":"wp","href":"https:\/\/api.w.org\/{rel}","templated":true}]}}