{"id":67049,"date":"2022-11-22T17:59:51","date_gmt":"2022-11-22T16:59:51","guid":{"rendered":"https:\/\/domizil-immobilien.de\/opci-uvjeti-poslovanja\/"},"modified":"2022-11-22T20:09:36","modified_gmt":"2022-11-22T19:09:36","slug":"opci-uvjeti-poslovanja","status":"publish","type":"page","link":"https:\/\/domizil-immobilien.de\/hr\/opci-uvjeti-poslovanja\/","title":{"rendered":"Op\u0107i uvjeti poslovanja"},"content":{"rendered":"\n<h3 class=\"wp-block-heading\">Op\u0107i uvjeti poslovanja<\/h3>\n\n<hr class=\"wp-block-separator has-alpha-channel-opacity\"\/>\n\n<figure class=\"wp-block-table\"><table><tbody><tr><td><strong>1.<\/strong> <strong>Valjanost<\/strong><br\/>Kori\u0161tenjem ponude sadr\u017eane u sljede\u0107em izlaganju, npr. stupanjem u pregovore, inspekcijom i sl. izme\u0111u primatelja ponude (kupca posrednika) i Domizil d.o.o. sklapa se ugovor o posredovanju za ponu\u0111eni predmet koji sadr\u017ei ove Op\u0107e uvjete, a koje naru\u010ditelj posredovanja ovime priznaje. <br\/><br\/><strong>2.<\/strong> <strong>Povjerljivost\/zabrana otkrivanja <\/strong><br\/>Domizil d.o.o. Poslane ponude i informacije, posebice izlaganja i njihov sadr\u017eaj, povjerljivi su i namijenjeni samo doti\u010dnom primatelju. Zabranjeno je davanje podataka tre\u0107im osobama bez izri\u010ditog pristanka Domizil d.o.o., koji mora biti prethodno dat u pisanom obliku. Ukoliko posrednik prekr\u0161i ovu obvezu i tre\u0107a osoba ili druga osoba kojoj je tre\u0107a osoba prenijela podatke sklopi glavni ugovor, koji bi podlijegao proviziji u skladu s ovim uvjetima, posrednik se obvezuje primiti tu isplatu u iznos provizije na temelju ovih uvjeta kao naknade. Posrednik zadr\u017eava pravo dokazati manju \u0161tetu ili nikakvu \u0161tetu. Daljnji od\u0161tetni zahtjev Domizil d.o.o. zbog neovla\u0161tenog otkrivanja informacija ostaje nepromijenjen.<br\/><br\/><strong>3.<\/strong> <strong>Stvaranje potra\u017eivanja provizije <\/strong><br\/>Objava (= dokaz) adrese nekretnine i\/ili ponu\u0111a\u010da vr\u0161i se uz izri\u010dito pozivanje na zahtjev za proviziju u slu\u010daju kupnje. Na\u0161 zahtjev za proviziju nastaje \u010dim je sklopljen glavni ugovor u vezi s objektom koji smo naveli na temelju na\u0161eg dokaza i\/ili na\u0161eg posredovanja. U ovom slu\u010daju dovoljna je suuzro\u010dnost na\u0161ih brokerskih aktivnosti. Ako je glavni ugovor zaklju\u010den pod uvjetima druga\u010dijim od onih koji su prvotno ponu\u0111eni, ili ako se radi o drugom predmetu ugovornog partnera koji smo dokazali, to ne utje\u010de na na\u0161e potra\u017eivanje provizije, sve dok je transakcija koja je nastala ekonomski ekonomi\u010dna identi\u010dan transakciji koju smo ponudili ili se po svojoj ekonomskoj uspje\u0161nosti samo bitno razlikuje od ponu\u0111enog posla. <br\/><br\/><strong>4.<\/strong> <strong>Dospjelost potra\u017eivanja provizije <\/strong><br\/>Potra\u017eivanje provizije dospijeva prilikom sklapanja kupoprodajnog ugovora. Provizija se pla\u0107a nakon izdavanja ra\u010duna. Domizil d.o.o. ima pravo nazo\u010diti sklapanju glavnog ugovora. Ukoliko je glavni ugovor sklopljen bez sudjelovanja Domizil d.o.o., kupac je du\u017ean obavijestiti Domizil d.o.o. odmah dati podatke o bitnom sadr\u017eaju glavnog ugovora i osnovici za procjenu provizije. <br\/><br\/><strong>5.<\/strong> <strong>iznos provizije<\/strong><br\/>Provizija se obra\u010dunava od ukupne kupoprodajne cijene. Osim ako nije druga\u010dije dogovoreno, provizija kupca iznosi 3,75% od ekonomske kupoprodajne cijene uklj. 25% hrvatski PDV <br\/><br\/><strong>6.<\/strong> <strong>dvostruko djelovanje <\/strong><br\/>Domizil d.o.o. ima pravo raditi za drugu stranu (prodavatelja) uz naknadu ili besplatno. Zala\u017eemo se za nepristranost u slu\u010daju dvostruke djelatnosti. <br\/><br\/><strong>7.<\/strong> <strong>prethodno znanje <\/strong><br\/>Je li kupac obavije\u0161ten od strane Domizil d.o.o. Ukoliko je ponu\u0111eni objekt ve\u0107 poznat, du\u017ean je to odmah, najkasnije u roku od 3 kalendarska dana, obavijestiti, a na zahtjev Domizil d.o.o. dokazati. Ukoliko kupac to ne u\u010dini ima Domizil d.o.o. sve tro\u0161kove Domizil d.o.o. proiza\u0161la iz \u010dinjenice da prethodno znanje nije isticano ili je ukazano prekasno, kao naknada \u0161tete. <br\/><br\/><strong>8.<\/strong> <strong>Ograni\u010denje odgovornosti <\/strong><br\/>Isklju\u010dena je odgovornost za nesavjesno pona\u0161anje Domizil d.o.o., njegovog zakonskog zastupnika ili posrednika. Ovo ne vrijedi ako se \u0161teta sastoji od ozljede \u017eivota, udova ili zdravlja ili povrede bitne ugovorne obveze (kardinalne obveze) ili odsutnosti jednog od Domizil d.o.o. zajam\u010dena specifi\u010dna svojstva. <br\/><br\/><strong>9.<\/strong> <strong>mjesto jurisdikcije <\/strong><br\/>Mjesto izvr\u0161enja i nadle\u017enost za registrirane trgovce je sjedi\u0161te Domizil d.o.o. <br\/><br\/><strong>10.<\/strong> <strong>Klauzula o raskidivosti <\/strong><br\/>Ako jedna ili vi\u0161e od gore navedenih odredbi budu neva\u017ee\u0107e, to ne\u0107e utjecati na valjanost preostalih odredbi. Ovo tako\u0111er vrijedi ako je dio propisa neu\u010dinkovit, ali je drugi dio u\u010dinkovit. Nevaljanu odredbu izme\u0111u stranaka treba zamijeniti odredbom koja je najbli\u017ea ekonomskim interesima ugovornih strana i koja ina\u010de nije u suprotnosti s ugovornim sporazumima.<\/td><\/tr><\/tbody><\/table><\/figure>\n\n<figure class=\"wp-block-table\"><table><tbody><tr><td>\n          <strong>Uvjeti kori\u0161tenja\/Politika privatnosti<\/strong>\n        <\/td><\/tr><tr><td><\/td><\/tr><tr><td><strong>1.Sadr\u017eaj web stranice <\/strong> Domizil d.o.o. ne preuzima nikakvu odgovornost za aktualnost, to\u010dnost, potpunost ili kvalitetu danih informacija. Potra\u017eivanja odgovornosti prema Domizil d.o.o., koja se odnose na materijalnu ili nematerijalnu \u0161tetu nastalu kori\u0161tenjem ili nekori\u0161tenjem dostavljenih informacija ili kori\u0161tenjem neto\u010dnih i nepotpunih informacija op\u0107enito su isklju\u010dena, pod uvjetom da Domizil d.o.o. nema dokazane pogre\u0161ke namjerne prirode ili krajnje nepa\u017enje.<br\/>Sve ponude su neobvezuju\u0107e. Domizil d.o.o. izri\u010dito zadr\u017eava pravo izmjene, dopune ili brisanja dijelova stranica ili cjelokupne ponude ili privremenog ili trajnog prekida objavljivanja bez prethodne najave. <br\/><br\/><strong>2. Reference na web stranice tre\u0107ih strana (&#8220;veze&#8221;)<\/strong><br\/>Domizil d.o.o. Kao davatelj sadr\u017eaja, Schneider &amp; Prell je odgovoran za svoj &#8220;vlastiti sadr\u017eaj&#8221; u skladu s op\u0107im zakonodavstvom.<br\/>Ova web stranica sadr\u017ei unakrsne reference (&#8220;veze&#8221;) na sadr\u017eaje drugih pru\u017eatelja usluga. Domizil d.o.o. odgovoran samo ako Domizil d.o.o. ima pozitivna saznanja o njima (tj. tako\u0111er o nezakonitom ili kriminalnom sadr\u017eaju) i Domizil d.o.o. tehni\u010dki mogu\u0107e i razumno sprije\u010diti njihovu upotrebu.<br\/>Me\u0111utim, &#8220;linkovi&#8221; su uvijek &#8220;\u017eive&#8221; (stati\u010dne) reference. Domizil d.o.o. provjerio sadr\u017eaj tre\u0107e strane kada je prvi put povezan kako bi utvrdio mo\u017ee li pokrenuti gra\u0111ansku ili kaznenu odgovornost, Domizil d.o.o. ali nije du\u017ean objavljivati \u200b\u200bsadr\u017eaj na kojem Domizil d.o.o. unutar ovih stranica, stalno provjeravati promjene koje bi mogle dovesti do nove odgovornosti. Tek kada utvrdimo ili nas drugi obavijeste da odre\u0111ena ponuda na koju smo dali poveznicu pokre\u0107e gra\u0111ansku ili kaznenu odgovornost, uklonit \u0107emo referencu na ovu ponudu, ukoliko je to tehni\u010dki mogu\u0107e i razumno za nas. Na tehni\u010dku mogu\u0107nost i razumnost ne utje\u010de \u010dinjenica da se, \u010dak i nakon \u0161to je pristup s na\u0161e po\u010detne stranice onemogu\u0107en, mo\u017ee pristupiti s drugih poslu\u017eitelja ilegalnoj ili naplativoj ponudi. <br\/><br\/><strong>3. privatnost<\/strong> Ova ponuda uklju\u010duje mogu\u0107nosti komunikacije i prijenosa podataka nama. Svi preneseni podaci, posebno osobni podaci, bit \u0107e tretirani s apsolutnom povjerljivo\u0161\u0107u i proslije\u0111eni tre\u0107im osobama samo uz izri\u010dit pristanak doti\u010dne osobe. \u017deljeli bismo istaknuti da se za\u0161tita podataka u otvorenim mre\u017eama kao \u0161to je Internet ne mo\u017ee u potpunosti jam\u010diti s obzirom na trenutno stanje tehnike. Cijenimo povjerenje koje nam ukazujete. Poduzimamo najve\u0107u pa\u017enju kako bismo za\u0161titili va\u0161e osobne podatke.<\/td><\/tr><tr><td><\/td><\/tr><\/tbody><\/table><\/figure>\n","protected":false},"excerpt":{"rendered":"<p>Op\u0107i uvjeti poslovanja 1. ValjanostKori\u0161tenjem ponude sadr\u017eane u sljede\u0107em izlaganju, npr. stupanjem u pregovore, inspekcijom i sl. izme\u0111u primatelja ponude (kupca posrednika) i Domizil d.o.o. sklapa se ugovor o posredovanju za ponu\u0111eni predmet koji sadr\u017ei ove Op\u0107e uvjete, a koje naru\u010ditelj posredovanja ovime priznaje. 2. Povjerljivost\/zabrana otkrivanja Domizil d.o.o. Poslane ponude i informacije, posebice izlaganja&#8230;<\/p>\n","protected":false},"author":1,"featured_media":0,"parent":0,"menu_order":0,"comment_status":"closed","ping_status":"closed","template":"","meta":{"footnotes":""},"class_list":["post-67049","page","type-page","status-publish","hentry"],"acf":[],"yoast_head":"<!-- This site is optimized with the Yoast SEO plugin v20.4 - https:\/\/yoast.com\/wordpress\/plugins\/seo\/ -->\n<title>Op\u0107i uvjeti poslovanja - DOMIZIL d.o.o. Immobilien<\/title>\n<meta name=\"robots\" content=\"noindex, follow, max-snippet:-1, max-image-preview:large, max-video-preview:-1\" \/>\n<meta property=\"og:locale\" content=\"hr_HR\" \/>\n<meta property=\"og:type\" content=\"article\" \/>\n<meta property=\"og:title\" content=\"Op\u0107i uvjeti poslovanja - DOMIZIL d.o.o. Immobilien\" \/>\n<meta property=\"og:description\" content=\"Op\u0107i uvjeti poslovanja 1. ValjanostKori\u0161tenjem ponude sadr\u017eane u sljede\u0107em izlaganju, npr. stupanjem u pregovore, inspekcijom i sl. izme\u0111u primatelja ponude (kupca posrednika) i Domizil d.o.o. sklapa se ugovor o posredovanju za ponu\u0111eni predmet koji sadr\u017ei ove Op\u0107e uvjete, a koje naru\u010ditelj posredovanja ovime priznaje. 2. Povjerljivost\/zabrana otkrivanja Domizil d.o.o. Poslane ponude i informacije, posebice izlaganja...\" \/>\n<meta property=\"og:url\" content=\"https:\/\/domizil-immobilien.de\/hr\/opci-uvjeti-poslovanja\/\" \/>\n<meta property=\"og:site_name\" content=\"DOMIZIL d.o.o. Immobilien\" \/>\n<meta property=\"article:publisher\" content=\"https:\/\/www.facebook.com\/domizil.d.o.o.immobilien\" \/>\n<meta property=\"article:modified_time\" content=\"2022-11-22T19:09:36+00:00\" \/>\n<meta name=\"twitter:card\" content=\"summary_large_image\" \/>\n<meta name=\"twitter:site\" content=\"@domizil_doo\" \/>\n<meta name=\"twitter:label1\" content=\"Procijenjeno vrijeme \u010ditanja\" \/>\n\t<meta name=\"twitter:data1\" content=\"5 minuta\" \/>\n<script type=\"application\/ld+json\" class=\"yoast-schema-graph\">{\"@context\":\"https:\/\/schema.org\",\"@graph\":[{\"@type\":\"WebPage\",\"@id\":\"https:\/\/domizil-immobilien.de\/hr\/opci-uvjeti-poslovanja\/\",\"url\":\"https:\/\/domizil-immobilien.de\/hr\/opci-uvjeti-poslovanja\/\",\"name\":\"Op\u0107i uvjeti poslovanja - DOMIZIL d.o.o. Immobilien\",\"isPartOf\":{\"@id\":\"https:\/\/domizil-immobilien.de\/hr\/#website\"},\"datePublished\":\"2022-11-22T16:59:51+00:00\",\"dateModified\":\"2022-11-22T19:09:36+00:00\",\"inLanguage\":\"hr\",\"potentialAction\":[{\"@type\":\"ReadAction\",\"target\":[\"https:\/\/domizil-immobilien.de\/hr\/opci-uvjeti-poslovanja\/\"]}]},{\"@type\":\"WebSite\",\"@id\":\"https:\/\/domizil-immobilien.de\/hr\/#website\",\"url\":\"https:\/\/domizil-immobilien.de\/hr\/\",\"name\":\"DOMIZIL d.o.o. Immobilien\",\"description\":\"Va\u0161 stru\u010dnjak za nekretnine u Istri\",\"publisher\":{\"@id\":\"https:\/\/domizil-immobilien.de\/hr\/#organization\"},\"potentialAction\":[{\"@type\":\"SearchAction\",\"target\":{\"@type\":\"EntryPoint\",\"urlTemplate\":\"https:\/\/domizil-immobilien.de\/hr\/?s={search_term_string}\"},\"query-input\":\"required name=search_term_string\"}],\"inLanguage\":\"hr\"},{\"@type\":\"Organization\",\"@id\":\"https:\/\/domizil-immobilien.de\/hr\/#organization\",\"name\":\"DOMIZIL d.o.o. Immobilien\",\"url\":\"https:\/\/domizil-immobilien.de\/hr\/\",\"logo\":{\"@type\":\"ImageObject\",\"inLanguage\":\"hr\",\"@id\":\"https:\/\/domizil-immobilien.de\/hr\/#\/schema\/logo\/image\/\",\"url\":\"https:\/\/domizil-immobilien.de\/wp-content\/uploads\/2020\/02\/logo-domizil-weiss@3x.png\",\"contentUrl\":\"https:\/\/domizil-immobilien.de\/wp-content\/uploads\/2020\/02\/logo-domizil-weiss@3x.png\",\"width\":420,\"height\":96,\"caption\":\"DOMIZIL d.o.o. Immobilien\"},\"image\":{\"@id\":\"https:\/\/domizil-immobilien.de\/hr\/#\/schema\/logo\/image\/\"},\"sameAs\":[\"https:\/\/www.facebook.com\/domizil.d.o.o.immobilien\",\"https:\/\/twitter.com\/domizil_doo\",\"https:\/\/www.instagram.com\/domizil.d.o.o.immobilien\",\"https:\/\/www.linkedin.com\/company\/domizil-doo\",\"https:\/\/pinterest.com\/domizil_doo\",\"https:\/\/youtube.com\/channel\/UCWyM5cmlbGjR0fEIKPd5jnA\"]}]}<\/script>\n<!-- \/ Yoast SEO plugin. -->","yoast_head_json":{"title":"Op\u0107i uvjeti poslovanja - DOMIZIL d.o.o. Immobilien","robots":{"index":"noindex","follow":"follow","max-snippet":"max-snippet:-1","max-image-preview":"max-image-preview:large","max-video-preview":"max-video-preview:-1"},"og_locale":"hr_HR","og_type":"article","og_title":"Op\u0107i uvjeti poslovanja - DOMIZIL d.o.o. Immobilien","og_description":"Op\u0107i uvjeti poslovanja 1. ValjanostKori\u0161tenjem ponude sadr\u017eane u sljede\u0107em izlaganju, npr. stupanjem u pregovore, inspekcijom i sl. izme\u0111u primatelja ponude (kupca posrednika) i Domizil d.o.o. sklapa se ugovor o posredovanju za ponu\u0111eni predmet koji sadr\u017ei ove Op\u0107e uvjete, a koje naru\u010ditelj posredovanja ovime priznaje. 2. Povjerljivost\/zabrana otkrivanja Domizil d.o.o. Poslane ponude i informacije, posebice izlaganja...","og_url":"https:\/\/domizil-immobilien.de\/hr\/opci-uvjeti-poslovanja\/","og_site_name":"DOMIZIL d.o.o. Immobilien","article_publisher":"https:\/\/www.facebook.com\/domizil.d.o.o.immobilien","article_modified_time":"2022-11-22T19:09:36+00:00","twitter_card":"summary_large_image","twitter_site":"@domizil_doo","twitter_misc":{"Procijenjeno vrijeme \u010ditanja":"5 minuta"},"schema":{"@context":"https:\/\/schema.org","@graph":[{"@type":"WebPage","@id":"https:\/\/domizil-immobilien.de\/hr\/opci-uvjeti-poslovanja\/","url":"https:\/\/domizil-immobilien.de\/hr\/opci-uvjeti-poslovanja\/","name":"Op\u0107i uvjeti poslovanja - DOMIZIL d.o.o. Immobilien","isPartOf":{"@id":"https:\/\/domizil-immobilien.de\/hr\/#website"},"datePublished":"2022-11-22T16:59:51+00:00","dateModified":"2022-11-22T19:09:36+00:00","inLanguage":"hr","potentialAction":[{"@type":"ReadAction","target":["https:\/\/domizil-immobilien.de\/hr\/opci-uvjeti-poslovanja\/"]}]},{"@type":"WebSite","@id":"https:\/\/domizil-immobilien.de\/hr\/#website","url":"https:\/\/domizil-immobilien.de\/hr\/","name":"DOMIZIL d.o.o. Immobilien","description":"Va\u0161 stru\u010dnjak za nekretnine u Istri","publisher":{"@id":"https:\/\/domizil-immobilien.de\/hr\/#organization"},"potentialAction":[{"@type":"SearchAction","target":{"@type":"EntryPoint","urlTemplate":"https:\/\/domizil-immobilien.de\/hr\/?s={search_term_string}"},"query-input":"required name=search_term_string"}],"inLanguage":"hr"},{"@type":"Organization","@id":"https:\/\/domizil-immobilien.de\/hr\/#organization","name":"DOMIZIL d.o.o. Immobilien","url":"https:\/\/domizil-immobilien.de\/hr\/","logo":{"@type":"ImageObject","inLanguage":"hr","@id":"https:\/\/domizil-immobilien.de\/hr\/#\/schema\/logo\/image\/","url":"https:\/\/domizil-immobilien.de\/wp-content\/uploads\/2020\/02\/logo-domizil-weiss@3x.png","contentUrl":"https:\/\/domizil-immobilien.de\/wp-content\/uploads\/2020\/02\/logo-domizil-weiss@3x.png","width":420,"height":96,"caption":"DOMIZIL d.o.o. Immobilien"},"image":{"@id":"https:\/\/domizil-immobilien.de\/hr\/#\/schema\/logo\/image\/"},"sameAs":["https:\/\/www.facebook.com\/domizil.d.o.o.immobilien","https:\/\/twitter.com\/domizil_doo","https:\/\/www.instagram.com\/domizil.d.o.o.immobilien","https:\/\/www.linkedin.com\/company\/domizil-doo","https:\/\/pinterest.com\/domizil_doo","https:\/\/youtube.com\/channel\/UCWyM5cmlbGjR0fEIKPd5jnA"]}]}},"_links":{"self":[{"href":"https:\/\/domizil-immobilien.de\/hr\/wp-json\/wp\/v2\/pages\/67049","targetHints":{"allow":["GET"]}}],"collection":[{"href":"https:\/\/domizil-immobilien.de\/hr\/wp-json\/wp\/v2\/pages"}],"about":[{"href":"https:\/\/domizil-immobilien.de\/hr\/wp-json\/wp\/v2\/types\/page"}],"author":[{"embeddable":true,"href":"https:\/\/domizil-immobilien.de\/hr\/wp-json\/wp\/v2\/users\/1"}],"replies":[{"embeddable":true,"href":"https:\/\/domizil-immobilien.de\/hr\/wp-json\/wp\/v2\/comments?post=67049"}],"version-history":[{"count":0,"href":"https:\/\/domizil-immobilien.de\/hr\/wp-json\/wp\/v2\/pages\/67049\/revisions"}],"wp:attachment":[{"href":"https:\/\/domizil-immobilien.de\/hr\/wp-json\/wp\/v2\/media?parent=67049"}],"curies":[{"name":"wp","href":"https:\/\/api.w.org\/{rel}","templated":true}]}}